{"id":821,"date":"2021-12-09T00:56:42","date_gmt":"2021-12-09T00:56:42","guid":{"rendered":"https:\/\/fertnobre.com.br\/Blog\/?page_id=821"},"modified":"2021-12-14T04:04:50","modified_gmt":"2021-12-14T04:04:50","slug":"jardinagem","status":"publish","type":"page","link":"https:\/\/fertnobre.com.br\/blog\/jardinagem\/","title":{"rendered":"Jardinagem"},"content":{"rendered":"\t\t<div data-elementor-type=\"wp-page\" data-elementor-id=\"821\" class=\"elementor elementor-821\" data-elementor-settings=\"{&quot;ha_cmc_init_switcher&quot;:&quot;no&quot;}\" data-elementor-post-type=\"page\">\n\t\t\t\t\t\t<section class=\"elementor-section elementor-top-section elementor-element elementor-element-9e60029 elementor-section-boxed elementor-section-height-default elementor-section-height-default\" data-id=\"9e60029\" data-element_type=\"section\" data-e-type=\"section\" data-settings=\"{&quot;_ha_eqh_enable&quot;:false}\">\n\t\t\t\t\t\t<div class=\"elementor-container elementor-column-gap-default\">\n\t\t\t\t\t<div class=\"elementor-column elementor-col-100 elementor-top-column elementor-element elementor-element-cdc1f01\" data-id=\"cdc1f01\" data-element_type=\"column\" data-e-type=\"column\">\n\t\t\t<div class=\"elementor-widget-wrap elementor-element-populated\">\n\t\t\t\t\t\t<div class=\"elementor-element elementor-element-1dc5266 elementor-grid-3 elementor-grid-tablet-2 elementor-grid-mobile-1 elementor-posts--thumbnail-top elementor-posts--show-avatar elementor-card-shadow-yes elementor-posts__hover-gradient elementor-widget elementor-widget-posts\" data-id=\"1dc5266\" data-element_type=\"widget\" data-e-type=\"widget\" data-settings=\"{&quot;cards_columns&quot;:&quot;3&quot;,&quot;cards_columns_tablet&quot;:&quot;2&quot;,&quot;cards_columns_mobile&quot;:&quot;1&quot;,&quot;cards_row_gap&quot;:{&quot;unit&quot;:&quot;px&quot;,&quot;size&quot;:35,&quot;sizes&quot;:[]},&quot;cards_row_gap_tablet&quot;:{&quot;unit&quot;:&quot;px&quot;,&quot;size&quot;:&quot;&quot;,&quot;sizes&quot;:[]},&quot;cards_row_gap_mobile&quot;:{&quot;unit&quot;:&quot;px&quot;,&quot;size&quot;:&quot;&quot;,&quot;sizes&quot;:[]}}\" data-widget_type=\"posts.cards\">\n\t\t\t\t<div class=\"elementor-widget-container\">\n\t\t\t\t\t\t\t<div class=\"elementor-posts-container elementor-posts elementor-posts--skin-cards elementor-grid\" role=\"list\">\n\t\t\t\t<article class=\"elementor-post elementor-grid-item post-1444 post type-post status-publish format-standard has-post-thumbnail hentry category-jardinagem\" role=\"listitem\">\n\t\t\t<div class=\"elementor-post__card\">\n\t\t\t\t<a class=\"elementor-post__thumbnail__link\" href=\"https:\/\/fertnobre.com.br\/blog\/cuidados_arvore_da_felicidade\/\" tabindex=\"-1\" ><div class=\"elementor-post__thumbnail\"><img fetchpriority=\"high\" decoding=\"async\" width=\"300\" height=\"300\" src=\"https:\/\/fertnobre.com.br\/blog\/wp-content\/uploads\/2021\/12\/Como-cuidar-da-arvore-da-felicidade-e1639449246130-300x300.jpg\" class=\"attachment-medium size-medium wp-image-1445\" alt=\"\" srcset=\"https:\/\/fertnobre.com.br\/blog\/wp-content\/uploads\/2021\/12\/Como-cuidar-da-arvore-da-felicidade-e1639449246130-300x300.jpg 300w, https:\/\/fertnobre.com.br\/blog\/wp-content\/uploads\/2021\/12\/Como-cuidar-da-arvore-da-felicidade-e1639449246130-150x150.jpg 150w, https:\/\/fertnobre.com.br\/blog\/wp-content\/uploads\/2021\/12\/Como-cuidar-da-arvore-da-felicidade-e1639449246130.jpg 508w\" sizes=\"(max-width: 300px) 100vw, 300px\" \/><\/div><\/a>\n\t\t\t\t<div class=\"elementor-post__badge\">Jardinagem<\/div>\n\t\t\t\t<div class=\"elementor-post__avatar\">\n\t\t\t<img alt='admin' src='https:\/\/secure.gravatar.com\/avatar\/bedba7318734fab21e8ce6d2fb8eaa91589a0d27435ed0c7533c88f71b74ff85?s=128&#038;d=mm&#038;r=g' srcset='https:\/\/secure.gravatar.com\/avatar\/bedba7318734fab21e8ce6d2fb8eaa91589a0d27435ed0c7533c88f71b74ff85?s=256&#038;d=mm&#038;r=g 2x' class='avatar avatar-128 photo' height='128' width='128' \/>\t\t<\/div>\n\t\t\t\t<div class=\"elementor-post__text\">\n\t\t\t\t<h3 class=\"elementor-post__title\">\n\t\t\t<a href=\"https:\/\/fertnobre.com.br\/blog\/cuidados_arvore_da_felicidade\/\" >\n\t\t\t\tComo cuidar da \u00e1rvore-da-felicidade: Veja algumas orienta\u00e7\u00f5es\t\t\t<\/a>\n\t\t<\/h3>\n\t\t\t\t<div class=\"elementor-post__excerpt\">\n\t\t\t<p>Essa \u00e1rvore \u00e9 conhecida por sua beleza ornamental, mas ganhou ainda mais sucesso ap\u00f3s uma lenda que conta como ela leva sorte e felicidade ao<\/p>\n\t\t<\/div>\n\t\t\n\t\t<a class=\"elementor-post__read-more\" href=\"https:\/\/fertnobre.com.br\/blog\/cuidados_arvore_da_felicidade\/\" aria-label=\"Leia mais sobre Como cuidar da \u00e1rvore-da-felicidade: Veja algumas orienta\u00e7\u00f5es\" tabindex=\"-1\" >\n\t\t\tLeia mais \u00bb\t\t<\/a>\n\n\t\t\t\t<\/div>\n\t\t\t\t<div class=\"elementor-post__meta-data\">\n\t\t\t\t\t<span class=\"elementor-post-date\">\n\t\t\t14 de dezembro de 2021\t\t<\/span>\n\t\t\t\t<span class=\"elementor-post-avatar\">\n\t\t\tNenhum coment\u00e1rio\t\t<\/span>\n\t\t\t\t<\/div>\n\t\t\t\t\t<\/div>\n\t\t<\/article>\n\t\t\t\t<article class=\"elementor-post elementor-grid-item post-1396 post type-post status-publish format-standard has-post-thumbnail hentry category-jardinagem\" role=\"listitem\">\n\t\t\t<div class=\"elementor-post__card\">\n\t\t\t\t<a class=\"elementor-post__thumbnail__link\" href=\"https:\/\/fertnobre.com.br\/blog\/como_transplantar_costela_de_adao\/\" tabindex=\"-1\" ><div class=\"elementor-post__thumbnail\"><img decoding=\"async\" width=\"300\" height=\"300\" src=\"https:\/\/fertnobre.com.br\/blog\/wp-content\/uploads\/2021\/12\/costela-de-adao-2-e1639447483417-300x300.jpg\" class=\"attachment-medium size-medium wp-image-1417\" alt=\"\" srcset=\"https:\/\/fertnobre.com.br\/blog\/wp-content\/uploads\/2021\/12\/costela-de-adao-2-e1639447483417-300x300.jpg 300w, https:\/\/fertnobre.com.br\/blog\/wp-content\/uploads\/2021\/12\/costela-de-adao-2-e1639447483417-150x150.jpg 150w, https:\/\/fertnobre.com.br\/blog\/wp-content\/uploads\/2021\/12\/costela-de-adao-2-e1639447483417.jpg 508w\" sizes=\"(max-width: 300px) 100vw, 300px\" \/><\/div><\/a>\n\t\t\t\t<div class=\"elementor-post__badge\">Jardinagem<\/div>\n\t\t\t\t<div class=\"elementor-post__avatar\">\n\t\t\t<img alt='admin' src='https:\/\/secure.gravatar.com\/avatar\/bedba7318734fab21e8ce6d2fb8eaa91589a0d27435ed0c7533c88f71b74ff85?s=128&#038;d=mm&#038;r=g' srcset='https:\/\/secure.gravatar.com\/avatar\/bedba7318734fab21e8ce6d2fb8eaa91589a0d27435ed0c7533c88f71b74ff85?s=256&#038;d=mm&#038;r=g 2x' class='avatar avatar-128 photo' height='128' width='128' \/>\t\t<\/div>\n\t\t\t\t<div class=\"elementor-post__text\">\n\t\t\t\t<h3 class=\"elementor-post__title\">\n\t\t\t<a href=\"https:\/\/fertnobre.com.br\/blog\/como_transplantar_costela_de_adao\/\" >\n\t\t\t\tComo transplantar costela-de-Ad\u00e3o: 6 ferramentas que ajudam\t\t\t<\/a>\n\t\t<\/h3>\n\t\t\t\t<div class=\"elementor-post__excerpt\">\n\t\t\t<p>A primeira tarefa que precisa ser definida para saber como transportar Costela-de-Ad\u00e3o \u00e9 ter os tipos adequados de terra, tanto para o solo ideal, o<\/p>\n\t\t<\/div>\n\t\t\n\t\t<a class=\"elementor-post__read-more\" href=\"https:\/\/fertnobre.com.br\/blog\/como_transplantar_costela_de_adao\/\" aria-label=\"Leia mais sobre Como transplantar costela-de-Ad\u00e3o: 6 ferramentas que ajudam\" tabindex=\"-1\" >\n\t\t\tLeia mais \u00bb\t\t<\/a>\n\n\t\t\t\t<\/div>\n\t\t\t\t<div class=\"elementor-post__meta-data\">\n\t\t\t\t\t<span class=\"elementor-post-date\">\n\t\t\t14 de dezembro de 2021\t\t<\/span>\n\t\t\t\t<span class=\"elementor-post-avatar\">\n\t\t\tNenhum coment\u00e1rio\t\t<\/span>\n\t\t\t\t<\/div>\n\t\t\t\t\t<\/div>\n\t\t<\/article>\n\t\t\t\t<article class=\"elementor-post elementor-grid-item post-1372 post type-post status-publish format-standard has-post-thumbnail hentry category-jardinagem\" role=\"listitem\">\n\t\t\t<div class=\"elementor-post__card\">\n\t\t\t\t<a class=\"elementor-post__thumbnail__link\" href=\"https:\/\/fertnobre.com.br\/blog\/cultivar_rosa_do_deserto\/\" tabindex=\"-1\" ><div class=\"elementor-post__thumbnail\"><img decoding=\"async\" width=\"300\" height=\"300\" src=\"https:\/\/fertnobre.com.br\/blog\/wp-content\/uploads\/2021\/12\/rosa-do-deserto-1-e1639443357371-300x300.jpg\" class=\"attachment-medium size-medium wp-image-1376\" alt=\"\" srcset=\"https:\/\/fertnobre.com.br\/blog\/wp-content\/uploads\/2021\/12\/rosa-do-deserto-1-e1639443357371-300x300.jpg 300w, https:\/\/fertnobre.com.br\/blog\/wp-content\/uploads\/2021\/12\/rosa-do-deserto-1-e1639443357371-150x150.jpg 150w, https:\/\/fertnobre.com.br\/blog\/wp-content\/uploads\/2021\/12\/rosa-do-deserto-1-e1639443357371.jpg 478w\" sizes=\"(max-width: 300px) 100vw, 300px\" \/><\/div><\/a>\n\t\t\t\t<div class=\"elementor-post__badge\">Jardinagem<\/div>\n\t\t\t\t<div class=\"elementor-post__avatar\">\n\t\t\t<img alt='admin' src='https:\/\/secure.gravatar.com\/avatar\/bedba7318734fab21e8ce6d2fb8eaa91589a0d27435ed0c7533c88f71b74ff85?s=128&#038;d=mm&#038;r=g' srcset='https:\/\/secure.gravatar.com\/avatar\/bedba7318734fab21e8ce6d2fb8eaa91589a0d27435ed0c7533c88f71b74ff85?s=256&#038;d=mm&#038;r=g 2x' class='avatar avatar-128 photo' height='128' width='128' \/>\t\t<\/div>\n\t\t\t\t<div class=\"elementor-post__text\">\n\t\t\t\t<h3 class=\"elementor-post__title\">\n\t\t\t<a href=\"https:\/\/fertnobre.com.br\/blog\/cultivar_rosa_do_deserto\/\" >\n\t\t\t\tChecklist de como cultivar rosa-do-deserto\t\t\t<\/a>\n\t\t<\/h3>\n\t\t\t\t<div class=\"elementor-post__excerpt\">\n\t\t\t<p>A rosa-do-deserto \u00e9 uma planta que faz sucesso por causa da sua beleza e que se adapta facilmente a pa\u00edses tropicais, por isso \u00e9 a<\/p>\n\t\t<\/div>\n\t\t\n\t\t<a class=\"elementor-post__read-more\" href=\"https:\/\/fertnobre.com.br\/blog\/cultivar_rosa_do_deserto\/\" aria-label=\"Leia mais sobre Checklist de como cultivar rosa-do-deserto\" tabindex=\"-1\" >\n\t\t\tLeia mais \u00bb\t\t<\/a>\n\n\t\t\t\t<\/div>\n\t\t\t\t<div class=\"elementor-post__meta-data\">\n\t\t\t\t\t<span class=\"elementor-post-date\">\n\t\t\t14 de dezembro de 2021\t\t<\/span>\n\t\t\t\t<span class=\"elementor-post-avatar\">\n\t\t\tNenhum coment\u00e1rio\t\t<\/span>\n\t\t\t\t<\/div>\n\t\t\t\t\t<\/div>\n\t\t<\/article>\n\t\t\t\t<article class=\"elementor-post elementor-grid-item post-775 post type-post status-publish format-standard has-post-thumbnail hentry category-jardinagem\" role=\"listitem\">\n\t\t\t<div class=\"elementor-post__card\">\n\t\t\t\t<a class=\"elementor-post__thumbnail__link\" href=\"https:\/\/fertnobre.com.br\/blog\/rosa_do_deserto_cuidado\/\" tabindex=\"-1\" ><div class=\"elementor-post__thumbnail\"><img loading=\"lazy\" decoding=\"async\" width=\"300\" height=\"300\" src=\"https:\/\/fertnobre.com.br\/blog\/wp-content\/uploads\/2021\/12\/rosa-do-deserto-2-e1639013449558-300x300.jpg\" class=\"attachment-medium size-medium wp-image-776\" alt=\"\" srcset=\"https:\/\/fertnobre.com.br\/blog\/wp-content\/uploads\/2021\/12\/rosa-do-deserto-2-e1639013449558-300x300.jpg 300w, https:\/\/fertnobre.com.br\/blog\/wp-content\/uploads\/2021\/12\/rosa-do-deserto-2-e1639013449558-150x150.jpg 150w, https:\/\/fertnobre.com.br\/blog\/wp-content\/uploads\/2021\/12\/rosa-do-deserto-2-e1639013449558.jpg 478w\" sizes=\"(max-width: 300px) 100vw, 300px\" \/><\/div><\/a>\n\t\t\t\t<div class=\"elementor-post__badge\">Jardinagem<\/div>\n\t\t\t\t<div class=\"elementor-post__avatar\">\n\t\t\t<img alt='admin' src='https:\/\/secure.gravatar.com\/avatar\/bedba7318734fab21e8ce6d2fb8eaa91589a0d27435ed0c7533c88f71b74ff85?s=128&#038;d=mm&#038;r=g' srcset='https:\/\/secure.gravatar.com\/avatar\/bedba7318734fab21e8ce6d2fb8eaa91589a0d27435ed0c7533c88f71b74ff85?s=256&#038;d=mm&#038;r=g 2x' class='avatar avatar-128 photo' height='128' width='128' \/>\t\t<\/div>\n\t\t\t\t<div class=\"elementor-post__text\">\n\t\t\t\t<h3 class=\"elementor-post__title\">\n\t\t\t<a href=\"https:\/\/fertnobre.com.br\/blog\/rosa_do_deserto_cuidado\/\" >\n\t\t\t\tRosa do deserto: 6 produtos para o cuidado\t\t\t<\/a>\n\t\t<\/h3>\n\t\t\t\t<div class=\"elementor-post__excerpt\">\n\t\t\t<p>A Rosa-do-deserto, tamb\u00e9m conhecida como flor do deserto, \u00e9 uma planta linda e tem chamado muito a aten\u00e7\u00e3o das pessoas para o cultivo em casa,<\/p>\n\t\t<\/div>\n\t\t\n\t\t<a class=\"elementor-post__read-more\" href=\"https:\/\/fertnobre.com.br\/blog\/rosa_do_deserto_cuidado\/\" aria-label=\"Leia mais sobre Rosa do deserto: 6 produtos para o cuidado\" tabindex=\"-1\" >\n\t\t\tLeia mais \u00bb\t\t<\/a>\n\n\t\t\t\t<\/div>\n\t\t\t\t<div class=\"elementor-post__meta-data\">\n\t\t\t\t\t<span class=\"elementor-post-date\">\n\t\t\t9 de dezembro de 2021\t\t<\/span>\n\t\t\t\t<span class=\"elementor-post-avatar\">\n\t\t\tNenhum coment\u00e1rio\t\t<\/span>\n\t\t\t\t<\/div>\n\t\t\t\t\t<\/div>\n\t\t<\/article>\n\t\t\t\t<article class=\"elementor-post elementor-grid-item post-753 post type-post status-publish format-standard has-post-thumbnail hentry category-jardinagem\" role=\"listitem\">\n\t\t\t<div class=\"elementor-post__card\">\n\t\t\t\t<a class=\"elementor-post__thumbnail__link\" href=\"https:\/\/fertnobre.com.br\/blog\/como_cultivar_suculentas\/\" tabindex=\"-1\" ><div class=\"elementor-post__thumbnail\"><img loading=\"lazy\" decoding=\"async\" width=\"300\" height=\"300\" src=\"https:\/\/fertnobre.com.br\/blog\/wp-content\/uploads\/2021\/12\/COMO-CULTIVAR-SUCULETAS.jpg-e1639013839266-300x300.png\" class=\"attachment-medium size-medium wp-image-754\" alt=\"\" srcset=\"https:\/\/fertnobre.com.br\/blog\/wp-content\/uploads\/2021\/12\/COMO-CULTIVAR-SUCULETAS.jpg-e1639013839266-300x300.png 300w, https:\/\/fertnobre.com.br\/blog\/wp-content\/uploads\/2021\/12\/COMO-CULTIVAR-SUCULETAS.jpg-e1639013839266-150x150.png 150w, https:\/\/fertnobre.com.br\/blog\/wp-content\/uploads\/2021\/12\/COMO-CULTIVAR-SUCULETAS.jpg-e1639013839266.png 508w\" sizes=\"(max-width: 300px) 100vw, 300px\" \/><\/div><\/a>\n\t\t\t\t<div class=\"elementor-post__badge\">Jardinagem<\/div>\n\t\t\t\t<div class=\"elementor-post__avatar\">\n\t\t\t<img alt='admin' src='https:\/\/secure.gravatar.com\/avatar\/bedba7318734fab21e8ce6d2fb8eaa91589a0d27435ed0c7533c88f71b74ff85?s=128&#038;d=mm&#038;r=g' srcset='https:\/\/secure.gravatar.com\/avatar\/bedba7318734fab21e8ce6d2fb8eaa91589a0d27435ed0c7533c88f71b74ff85?s=256&#038;d=mm&#038;r=g 2x' class='avatar avatar-128 photo' height='128' width='128' \/>\t\t<\/div>\n\t\t\t\t<div class=\"elementor-post__text\">\n\t\t\t\t<h3 class=\"elementor-post__title\">\n\t\t\t<a href=\"https:\/\/fertnobre.com.br\/blog\/como_cultivar_suculentas\/\" >\n\t\t\t\tComo cultivar suculentas: 5 dicas que voc\u00ea precisa conhecer\t\t\t<\/a>\n\t\t<\/h3>\n\t\t\t\t<div class=\"elementor-post__excerpt\">\n\t\t\t<p>As suculentas s\u00e3o bel\u00edssimas plantas, f\u00e1ceis de cultivar, muito vers\u00e1teis e podem ser utilizadas em qualquer tipo de decora\u00e7\u00e3o. A principal dica de como cultivar<\/p>\n\t\t<\/div>\n\t\t\n\t\t<a class=\"elementor-post__read-more\" href=\"https:\/\/fertnobre.com.br\/blog\/como_cultivar_suculentas\/\" aria-label=\"Leia mais sobre Como cultivar suculentas: 5 dicas que voc\u00ea precisa conhecer\" tabindex=\"-1\" >\n\t\t\tLeia mais \u00bb\t\t<\/a>\n\n\t\t\t\t<\/div>\n\t\t\t\t<div class=\"elementor-post__meta-data\">\n\t\t\t\t\t<span class=\"elementor-post-date\">\n\t\t\t9 de dezembro de 2021\t\t<\/span>\n\t\t\t\t<span class=\"elementor-post-avatar\">\n\t\t\tNenhum coment\u00e1rio\t\t<\/span>\n\t\t\t\t<\/div>\n\t\t\t\t\t<\/div>\n\t\t<\/article>\n\t\t\t\t<article class=\"elementor-post elementor-grid-item post-716 post type-post status-publish format-standard has-post-thumbnail hentry category-jardinagem\" role=\"listitem\">\n\t\t\t<div class=\"elementor-post__card\">\n\t\t\t\t<a class=\"elementor-post__thumbnail__link\" href=\"https:\/\/fertnobre.com.br\/blog\/reanimar_uma_planta\/\" tabindex=\"-1\" ><div class=\"elementor-post__thumbnail\"><img loading=\"lazy\" decoding=\"async\" width=\"300\" height=\"300\" src=\"https:\/\/fertnobre.com.br\/blog\/wp-content\/uploads\/2021\/12\/plantas-jardim-vasos_2-e1639014108516-300x300.jpg\" class=\"attachment-medium size-medium wp-image-717\" alt=\"\" srcset=\"https:\/\/fertnobre.com.br\/blog\/wp-content\/uploads\/2021\/12\/plantas-jardim-vasos_2-e1639014108516-300x300.jpg 300w, https:\/\/fertnobre.com.br\/blog\/wp-content\/uploads\/2021\/12\/plantas-jardim-vasos_2-e1639014108516-150x150.jpg 150w, https:\/\/fertnobre.com.br\/blog\/wp-content\/uploads\/2021\/12\/plantas-jardim-vasos_2-e1639014108516.jpg 620w\" sizes=\"(max-width: 300px) 100vw, 300px\" \/><\/div><\/a>\n\t\t\t\t<div class=\"elementor-post__badge\">Jardinagem<\/div>\n\t\t\t\t<div class=\"elementor-post__avatar\">\n\t\t\t<img alt='admin' src='https:\/\/secure.gravatar.com\/avatar\/bedba7318734fab21e8ce6d2fb8eaa91589a0d27435ed0c7533c88f71b74ff85?s=128&#038;d=mm&#038;r=g' srcset='https:\/\/secure.gravatar.com\/avatar\/bedba7318734fab21e8ce6d2fb8eaa91589a0d27435ed0c7533c88f71b74ff85?s=256&#038;d=mm&#038;r=g 2x' class='avatar avatar-128 photo' height='128' width='128' \/>\t\t<\/div>\n\t\t\t\t<div class=\"elementor-post__text\">\n\t\t\t\t<h3 class=\"elementor-post__title\">\n\t\t\t<a href=\"https:\/\/fertnobre.com.br\/blog\/reanimar_uma_planta\/\" >\n\t\t\t\t6 formas de reanimar uma planta que est\u00e1 morrendo\t\t\t<\/a>\n\t\t<\/h3>\n\t\t\t\t<div class=\"elementor-post__excerpt\">\n\t\t\t<p>Os dois ger\u00e2nios ganham destaque ao serem posicionados na prateleira azul. Para delimitar o espa\u00e7o com plantas, a paisagista Claudia Mu\u00f1oz optou por pedrisco. A<\/p>\n\t\t<\/div>\n\t\t\n\t\t<a class=\"elementor-post__read-more\" href=\"https:\/\/fertnobre.com.br\/blog\/reanimar_uma_planta\/\" aria-label=\"Leia mais sobre 6 formas de reanimar uma planta que est\u00e1 morrendo\" tabindex=\"-1\" >\n\t\t\tLeia mais \u00bb\t\t<\/a>\n\n\t\t\t\t<\/div>\n\t\t\t\t<div class=\"elementor-post__meta-data\">\n\t\t\t\t\t<span class=\"elementor-post-date\">\n\t\t\t8 de dezembro de 2021\t\t<\/span>\n\t\t\t\t<span class=\"elementor-post-avatar\">\n\t\t\tNenhum coment\u00e1rio\t\t<\/span>\n\t\t\t\t<\/div>\n\t\t\t\t\t<\/div>\n\t\t<\/article>\n\t\t\t\t<article class=\"elementor-post elementor-grid-item post-663 post type-post status-publish format-standard has-post-thumbnail hentry category-jardinagem\" role=\"listitem\">\n\t\t\t<div class=\"elementor-post__card\">\n\t\t\t\t<a class=\"elementor-post__thumbnail__link\" href=\"https:\/\/fertnobre.com.br\/blog\/humus_de_minhoca\/\" tabindex=\"-1\" ><div class=\"elementor-post__thumbnail\"><img loading=\"lazy\" decoding=\"async\" width=\"300\" height=\"300\" src=\"https:\/\/fertnobre.com.br\/blog\/wp-content\/uploads\/2021\/12\/Terra-rica-em-humus-e1639014665365-300x300.jpg\" class=\"attachment-medium size-medium wp-image-664\" alt=\"\" srcset=\"https:\/\/fertnobre.com.br\/blog\/wp-content\/uploads\/2021\/12\/Terra-rica-em-humus-e1639014665365-300x300.jpg 300w, https:\/\/fertnobre.com.br\/blog\/wp-content\/uploads\/2021\/12\/Terra-rica-em-humus-e1639014665365-150x150.jpg 150w, https:\/\/fertnobre.com.br\/blog\/wp-content\/uploads\/2021\/12\/Terra-rica-em-humus-e1639014665365.jpg 403w\" sizes=\"(max-width: 300px) 100vw, 300px\" \/><\/div><\/a>\n\t\t\t\t<div class=\"elementor-post__badge\">Jardinagem<\/div>\n\t\t\t\t<div class=\"elementor-post__avatar\">\n\t\t\t<img alt='admin' src='https:\/\/secure.gravatar.com\/avatar\/bedba7318734fab21e8ce6d2fb8eaa91589a0d27435ed0c7533c88f71b74ff85?s=128&#038;d=mm&#038;r=g' srcset='https:\/\/secure.gravatar.com\/avatar\/bedba7318734fab21e8ce6d2fb8eaa91589a0d27435ed0c7533c88f71b74ff85?s=256&#038;d=mm&#038;r=g 2x' class='avatar avatar-128 photo' height='128' width='128' \/>\t\t<\/div>\n\t\t\t\t<div class=\"elementor-post__text\">\n\t\t\t\t<h3 class=\"elementor-post__title\">\n\t\t\t<a href=\"https:\/\/fertnobre.com.br\/blog\/humus_de_minhoca\/\" >\n\t\t\t\tO que \u00e9 e como utilizar o h\u00famus de minhoca\t\t\t<\/a>\n\t\t<\/h3>\n\t\t\t\t<div class=\"elementor-post__excerpt\">\n\t\t\t<p>O h\u00famus de minhoca \u00e9 um adubo org\u00e2nico e considerado o mais completo para o plantio. De todos os adubos que j\u00e1 testei, o h\u00famus<\/p>\n\t\t<\/div>\n\t\t\n\t\t<a class=\"elementor-post__read-more\" href=\"https:\/\/fertnobre.com.br\/blog\/humus_de_minhoca\/\" aria-label=\"Leia mais sobre O que \u00e9 e como utilizar o h\u00famus de minhoca\" tabindex=\"-1\" >\n\t\t\tLeia mais \u00bb\t\t<\/a>\n\n\t\t\t\t<\/div>\n\t\t\t\t<div class=\"elementor-post__meta-data\">\n\t\t\t\t\t<span class=\"elementor-post-date\">\n\t\t\t8 de dezembro de 2021\t\t<\/span>\n\t\t\t\t<span class=\"elementor-post-avatar\">\n\t\t\tNenhum coment\u00e1rio\t\t<\/span>\n\t\t\t\t<\/div>\n\t\t\t\t\t<\/div>\n\t\t<\/article>\n\t\t\t\t<\/div>\n\t\t\n\t\t\t\t\t\t<\/div>\n\t\t\t\t<\/div>\n\t\t\t\t\t<\/div>\n\t\t<\/div>\n\t\t\t\t\t<\/div>\n\t\t<\/section>\n\t\t\t\t<\/div>\n\t\t","protected":false},"excerpt":{"rendered":"","protected":false},"author":1,"featured_media":0,"parent":0,"menu_order":0,"comment_status":"closed","ping_status":"closed","template":"","meta":{"footnotes":""},"class_list":["post-821","page","type-page","status-publish","hentry"],"_links":{"self":[{"href":"https:\/\/fertnobre.com.br\/blog\/wp-json\/wp\/v2\/pages\/821","targetHints":{"allow":["GET"]}}],"collection":[{"href":"https:\/\/fertnobre.com.br\/blog\/wp-json\/wp\/v2\/pages"}],"about":[{"href":"https:\/\/fertnobre.com.br\/blog\/wp-json\/wp\/v2\/types\/page"}],"author":[{"embeddable":true,"href":"https:\/\/fertnobre.com.br\/blog\/wp-json\/wp\/v2\/users\/1"}],"replies":[{"embeddable":true,"href":"https:\/\/fertnobre.com.br\/blog\/wp-json\/wp\/v2\/comments?post=821"}],"version-history":[{"count":10,"href":"https:\/\/fertnobre.com.br\/blog\/wp-json\/wp\/v2\/pages\/821\/revisions"}],"predecessor-version":[{"id":1599,"href":"https:\/\/fertnobre.com.br\/blog\/wp-json\/wp\/v2\/pages\/821\/revisions\/1599"}],"wp:attachment":[{"href":"https:\/\/fertnobre.com.br\/blog\/wp-json\/wp\/v2\/media?parent=821"}],"curies":[{"name":"wp","href":"https:\/\/api.w.org\/{rel}","templated":true}]}}